{"id":13,"date":"2026-03-11T14:37:11","date_gmt":"2026-03-11T13:37:11","guid":{"rendered":"http:\/\/uvnfusu.cluster121.hosting.ovh.net\/?page_id=13"},"modified":"2026-03-13T11:16:43","modified_gmt":"2026-03-13T10:16:43","slug":"distribucion","status":"publish","type":"page","link":"https:\/\/jenquimica.es\/index.php\/distribucion\/","title":{"rendered":"Distribuci\u00f3n"},"content":{"rendered":"\n<div class=\"wp-block-cover alignfull\" style=\"min-height:300px;aspect-ratio:unset;\"><img loading=\"lazy\" decoding=\"async\" width=\"1200\" height=\"627\" class=\"wp-block-cover__image-background wp-image-97 size-full\" alt=\"\" src=\"http:\/\/jenquimica.es\/wp-content\/uploads\/2026\/03\/26422c19-244f-4eef-aecb-867b61e3b917-1.avif\" data-object-fit=\"cover\"\/><span aria-hidden=\"true\" class=\"wp-block-cover__background has-kb-palette-4-background-color has-background-dim\"><\/span><div class=\"wp-block-cover__inner-container is-layout-flow wp-block-cover-is-layout-flow\">\n<h1 class=\"wp-block-heading has-text-align-center has-theme-palette-9-color has-text-color has-link-color has-xxlarge-font-size wp-elements-0f9be9f10de159e25004b8f96624e3a2\"><strong>MAQUINARIA DE LIMPIEZA<\/strong><\/h1>\n<\/div><\/div>\n\n\n<div class=\"wp-block-image\">\n<figure class=\"aligncenter size-large\"><img loading=\"lazy\" decoding=\"async\" width=\"1024\" height=\"269\" src=\"http:\/\/jenquimica.es\/wp-content\/uploads\/2026\/03\/6dde9220-ed1b-47ef-b39c-b41ef7c2c97e-1024x269.jpeg\" alt=\"\" class=\"wp-image-174\" srcset=\"https:\/\/jenquimica.es\/wp-content\/uploads\/2026\/03\/6dde9220-ed1b-47ef-b39c-b41ef7c2c97e-1024x269.jpeg 1024w, https:\/\/jenquimica.es\/wp-content\/uploads\/2026\/03\/6dde9220-ed1b-47ef-b39c-b41ef7c2c97e-300x79.jpeg 300w, https:\/\/jenquimica.es\/wp-content\/uploads\/2026\/03\/6dde9220-ed1b-47ef-b39c-b41ef7c2c97e-768x202.jpeg 768w, https:\/\/jenquimica.es\/wp-content\/uploads\/2026\/03\/6dde9220-ed1b-47ef-b39c-b41ef7c2c97e-1536x403.jpeg 1536w, https:\/\/jenquimica.es\/wp-content\/uploads\/2026\/03\/6dde9220-ed1b-47ef-b39c-b41ef7c2c97e.jpeg 1604w\" sizes=\"auto, (max-width: 1024px) 100vw, 1024px\" \/><\/figure>\n<\/div>\n\n\n<div class=\"wp-block-columns is-layout-flex wp-container-core-columns-is-layout-f04406be wp-block-columns-is-layout-flex\" style=\"padding-right:20%;padding-left:20%\">\n<div class=\"wp-block-column is-layout-flow wp-block-column-is-layout-flow\">\n<figure class=\"wp-block-image size-full\"><img loading=\"lazy\" decoding=\"async\" width=\"431\" height=\"319\" src=\"http:\/\/jenquimica.es\/wp-content\/uploads\/2026\/03\/4c4b26d3-3298-4031-b115-1a2748d8e43c.png\" alt=\"\" class=\"wp-image-175\" srcset=\"https:\/\/jenquimica.es\/wp-content\/uploads\/2026\/03\/4c4b26d3-3298-4031-b115-1a2748d8e43c.png 431w, https:\/\/jenquimica.es\/wp-content\/uploads\/2026\/03\/4c4b26d3-3298-4031-b115-1a2748d8e43c-300x222.png 300w\" sizes=\"auto, (max-width: 431px) 100vw, 431px\" \/><\/figure>\n\n\n\n<p>Como empresa experta en la&nbsp;<strong>venta y distribuci\u00f3n de productos de limpieza<\/strong>&nbsp;y dem\u00e1s, contamos con una&nbsp;<strong>flota de furgonetas y camiones<\/strong>, que abarcan cualquier necesidad de nuestros clientes respecto a las entregas. De la misma manera, tenemos un&nbsp;<strong>equipo humano altamente cualificado<\/strong>&nbsp;en el mundo de la distribuci\u00f3n.<\/p>\n<\/div>\n\n\n\n<div class=\"wp-block-column is-layout-flow wp-block-column-is-layout-flow\">\n<p class=\"has-text-align-center\">En nuestra empresa,&nbsp;<strong>Jen Qu\u00edmica, S.L.<\/strong>, distribuimos una&nbsp;<strong>amplia gama de maquinar\u00eda de limpieza en todo el territorio Nacional<\/strong>, adem\u00e1s de los&nbsp;<strong>productos de limpieza e higiene profesional<\/strong>, a trav\u00e9s de la&nbsp;<strong>log\u00edstica de nuestro Grupo Adial<\/strong>, de la cual formamos parte, siendo su delegaci\u00f3n de la zona centro (Madrid, Toledo, Talavera, Cuenca y Guadalajara) pues somos la delegaci\u00f3n de dicho grupo, llegando directamente a toda la&nbsp;<strong>comunidad de Madrid, Toledo, Talavera, Cuenca y Guadalajara<\/strong>.<\/p>\n\n\n\n<figure class=\"wp-block-image size-full\"><img loading=\"lazy\" decoding=\"async\" width=\"800\" height=\"518\" src=\"http:\/\/jenquimica.es\/wp-content\/uploads\/2026\/03\/91122c32-e35b-446f-aaaa-e452af8e007a.png\" alt=\"\" class=\"wp-image-176\" srcset=\"https:\/\/jenquimica.es\/wp-content\/uploads\/2026\/03\/91122c32-e35b-446f-aaaa-e452af8e007a.png 800w, https:\/\/jenquimica.es\/wp-content\/uploads\/2026\/03\/91122c32-e35b-446f-aaaa-e452af8e007a-300x194.png 300w, https:\/\/jenquimica.es\/wp-content\/uploads\/2026\/03\/91122c32-e35b-446f-aaaa-e452af8e007a-768x497.png 768w\" sizes=\"auto, (max-width: 800px) 100vw, 800px\" \/><\/figure>\n<\/div>\n<\/div>\n\n\n\n<div class=\"wp-block-columns alignfull has-background is-layout-flex wp-container-core-columns-is-layout-864a3f9e wp-block-columns-is-layout-flex\" style=\"background-color:#71809617;padding-right:10%;padding-left:10%\">\n<div class=\"wp-block-column is-layout-flow wp-block-column-is-layout-flow\">\n<h2 class=\"wp-block-heading\">Conoce nuestra gran variedad de maquinaria de limpieza en Madrid<\/h2>\n\n\n\n<p>Nos especializamos en dar&nbsp;<strong>soluciones efectivas para que puedas tener tus productos de limpieza y mantenimiento de espacios comerciales, institucionales e industrias<\/strong>.<\/p>\n\n\n\n<p>En&nbsp;<strong>Jen Qu\u00edmica, S.L.<\/strong>&nbsp;ofrecemos una amplia&nbsp;<strong>gama de productos y maquinaria de limpieza de alta calidad y marcas reconocidas en el mercado<\/strong>, de la mano de un&nbsp;<strong>servicio de distribuci\u00f3n<\/strong>&nbsp;que lograr\u00e1 sorprenderte. Adem\u00e1s, nuestro equipo altamente capacitado est\u00e1 siempre disponible para darte&nbsp;<strong>asesoramiento y soporte t\u00e9cnico<\/strong>&nbsp;para asegurarnos de que recibas el mejor servicio y los productos en perfecto estado.<\/p>\n\n\n\n<p>Estamos comprometidos en proporcionar a nuestros clientes una&nbsp;<strong>experiencia de compra sin complicaciones<\/strong>, con&nbsp;<strong>entregas r\u00e1pidas y eficientes, precios competitivos y un servicio excepcional<\/strong>. Puedes confiar en nosotros para suministrar&nbsp;<strong>productos de limpieza y maquinaria de calidad<\/strong>&nbsp;que cumplan con las normas de seguridad y condiciones ambientales.<\/p>\n\n\n\n<p>No dudes en&nbsp;<a href=\"https:\/\/jenquimica.es\/quimicos-de-limpieza-en-madrid\">contactar<\/a>&nbsp;para obtener m\u00e1s informaci\u00f3n sobre las soluciones adecuadas para tus&nbsp;<strong>necesidades de limpieza y mantenimiento<\/strong>. Estamos aqu\u00ed para ayudarte en cada paso del camino.<\/p>\n<\/div>\n\n\n\n<div class=\"wp-block-column is-layout-flow wp-block-column-is-layout-flow\">\n<figure class=\"wp-block-image size-full\"><img loading=\"lazy\" decoding=\"async\" width=\"870\" height=\"967\" src=\"http:\/\/jenquimica.es\/wp-content\/uploads\/2026\/03\/03232a4e-d0a5-45eb-b30a-ee46a002336a.jpeg\" alt=\"\" class=\"wp-image-178\" srcset=\"https:\/\/jenquimica.es\/wp-content\/uploads\/2026\/03\/03232a4e-d0a5-45eb-b30a-ee46a002336a.jpeg 870w, https:\/\/jenquimica.es\/wp-content\/uploads\/2026\/03\/03232a4e-d0a5-45eb-b30a-ee46a002336a-270x300.jpeg 270w, https:\/\/jenquimica.es\/wp-content\/uploads\/2026\/03\/03232a4e-d0a5-45eb-b30a-ee46a002336a-768x854.jpeg 768w\" sizes=\"auto, (max-width: 870px) 100vw, 870px\" \/><\/figure>\n<\/div>\n<\/div>\n\n\n\n<div class=\"wp-block-columns alignfull is-layout-flex wp-container-core-columns-is-layout-5ca7a79b wp-block-columns-is-layout-flex\" style=\"margin-top:0px;margin-bottom:0px;padding-top:0px;padding-bottom:0px\">\n<div class=\"wp-block-column is-vertically-aligned-center has-background is-layout-flow wp-block-column-is-layout-flow\" style=\"background:radial-gradient(rgb(104,153,107) 0%,rgb(52,117,56) 100%);padding-top:20px;padding-right:0;padding-bottom:20px;padding-left:0;flex-basis:100%\"><style>.wp-block-kadence-advancedbtn.kb-btns13_d4b4de-b4{gap:var(--global-kb-gap-xs, 0.5rem );justify-content:center;align-items:center;}.kt-btns13_d4b4de-b4 .kt-button{font-weight:normal;font-style:normal;}.kt-btns13_d4b4de-b4 .kt-btn-wrap-0{margin-right:5px;}.wp-block-kadence-advancedbtn.kt-btns13_d4b4de-b4 .kt-btn-wrap-0 .kt-button{color:#555555;border-color:#555555;}.wp-block-kadence-advancedbtn.kt-btns13_d4b4de-b4 .kt-btn-wrap-0 .kt-button:hover, .wp-block-kadence-advancedbtn.kt-btns13_d4b4de-b4 .kt-btn-wrap-0 .kt-button:focus{color:#ffffff;border-color:#444444;}.wp-block-kadence-advancedbtn.kt-btns13_d4b4de-b4 .kt-btn-wrap-0 .kt-button::before{display:none;}.wp-block-kadence-advancedbtn.kt-btns13_d4b4de-b4 .kt-btn-wrap-0 .kt-button:hover, .wp-block-kadence-advancedbtn.kt-btns13_d4b4de-b4 .kt-btn-wrap-0 .kt-button:focus{background:#444444;}<\/style>\n<div class=\"wp-block-kadence-advancedbtn kb-buttons-wrap kb-btns13_d4b4de-b4\"><style>ul.menu .wp-block-kadence-advancedbtn .kb-btn13_3128bb-2c.kb-button{width:initial;}.wp-block-kadence-advancedbtn .kb-btn13_3128bb-2c.kb-button{color:var(--global-palette3, #1A202C);background:var(--global-palette9, #ffffff);border-top-left-radius:335px;border-top-right-radius:335px;border-bottom-right-radius:335px;border-bottom-left-radius:335px;}.wp-block-kadence-advancedbtn .kb-btn13_3128bb-2c.kb-button:hover, .wp-block-kadence-advancedbtn .kb-btn13_3128bb-2c.kb-button:focus{color:var(--global-palette3, #1A202C);background:var(--global-palette7, #EDF2F7);}<\/style><a class=\"kb-button kt-button button kb-btn13_3128bb-2c kt-btn-size-standard kt-btn-width-type-auto kb-btn-global-fill  kt-btn-has-text-true kt-btn-has-svg-false  wp-block-kadence-singlebtn\" href=\"https:\/\/jenquimica.es\/index.php\/contacto\/\"><span class=\"kt-btn-inner-text\"><strong>CONTACTO<\/strong><\/span><\/a><\/div>\n<\/div>\n<\/div>\n","protected":false},"excerpt":{"rendered":"<p>Como empresa experta en la&nbsp;venta y distribuci\u00f3n de productos de limpieza&nbsp;y dem\u00e1s, contamos con una&nbsp;flota de furgonetas y camiones, que abarcan cualquier necesidad de nuestros clientes respecto a las entregas. De la misma manera, tenemos un&nbsp;equipo humano altamente cualificado&nbsp;en el mundo de la distribuci\u00f3n. En nuestra empresa,&nbsp;Jen Qu\u00edmica, S.L., distribuimos una&nbsp;amplia gama de maquinar\u00eda de&#8230;<\/p>\n","protected":false},"author":2,"featured_media":0,"parent":0,"menu_order":0,"comment_status":"closed","ping_status":"closed","template":"","meta":{"_kad_post_transparent":"","_kad_post_title":"hide","_kad_post_layout":"fullwidth","_kad_post_sidebar_id":"","_kad_post_content_style":"unboxed","_kad_post_vertical_padding":"","_kad_post_feature":"","_kad_post_feature_position":"","_kad_post_header":false,"_kad_post_footer":false,"_kad_post_classname":"","footnotes":""},"class_list":["post-13","page","type-page","status-publish","hentry"],"_links":{"self":[{"href":"https:\/\/jenquimica.es\/index.php\/wp-json\/wp\/v2\/pages\/13","targetHints":{"allow":["GET"]}}],"collection":[{"href":"https:\/\/jenquimica.es\/index.php\/wp-json\/wp\/v2\/pages"}],"about":[{"href":"https:\/\/jenquimica.es\/index.php\/wp-json\/wp\/v2\/types\/page"}],"author":[{"embeddable":true,"href":"https:\/\/jenquimica.es\/index.php\/wp-json\/wp\/v2\/users\/2"}],"replies":[{"embeddable":true,"href":"https:\/\/jenquimica.es\/index.php\/wp-json\/wp\/v2\/comments?post=13"}],"version-history":[{"count":3,"href":"https:\/\/jenquimica.es\/index.php\/wp-json\/wp\/v2\/pages\/13\/revisions"}],"predecessor-version":[{"id":202,"href":"https:\/\/jenquimica.es\/index.php\/wp-json\/wp\/v2\/pages\/13\/revisions\/202"}],"wp:attachment":[{"href":"https:\/\/jenquimica.es\/index.php\/wp-json\/wp\/v2\/media?parent=13"}],"curies":[{"name":"wp","href":"https:\/\/api.w.org\/{rel}","templated":true}]}}