{"id":210,"date":"2026-03-19T12:32:41","date_gmt":"2026-03-19T11:32:41","guid":{"rendered":"https:\/\/jenquimica.es\/?page_id=210"},"modified":"2026-03-19T12:36:22","modified_gmt":"2026-03-19T11:36:22","slug":"noticias","status":"publish","type":"page","link":"https:\/\/jenquimica.es\/index.php\/noticias\/","title":{"rendered":"Noticias"},"content":{"rendered":"<style>.kb-posts-id-210_dbd162-1d .kb-post-list-item{display:grid;}<\/style><ul class=\"wp-block-kadence-posts kb-posts kadence-posts-list kb-posts-id-210_dbd162-1d content-wrap grid-cols kb-posts-style-boxed grid-sm-col-2 grid-lg-col-3 item-image-style-above\"><li class=\"kb-post-list-item\">\n\t<article class=\"entry content-bg loop-entry post-240 post type-post status-publish format-standard hentry category-productos-de-limpieza-productos-de-limpieza\">\n\t\t\t\t<div class=\"entry-content-wrap\">\n\t\t\t<header class=\"entry-header\">\n\t<h2 class=\"entry-title\"><a href=\"https:\/\/jenquimica.es\/index.php\/2026\/04\/15\/por-que-usar-un-producto-de-calidad-en-las-maquinas-lavavajillas-en-el-sector-profesional\/\" rel=\"bookmark\">\u00bfPor qu\u00e9 usar un producto de calidad en las m\u00e1quinas lavavajillas en el sector profesional?<\/a><\/h2>\t<div class=\"entry-meta entry-meta-divider-dot\">\n\t\t\t\t<span class=\"posted-on\">\n\t\t\t\t<time class=\"entry-date published\" datetime=\"2026-04-15T11:52:14+01:00\">abril 15, 2026<\/time><time class=\"updated\" datetime=\"2026-04-15T11:52:16+01:00\">abril 15, 2026<\/time>\t\t\t<\/span>\n\t\t\t\t<\/div><!-- .entry-meta -->\n\t<\/header><!-- .entry-header -->\n\t<div class=\"entry-summary\">\n\t\t<p>Es muy importante el uso de productos de calidad en el lavado profesional con m\u00e1quinas lavavajillas, ya que es la clave para obtener buenos resultados, a la vez que protegemos la maquinaria y garantizamos una higiene y desinfecci\u00f3n adecuada. La calidad del detergente qu\u00edmico y del abrillantador es crucial en el rendimiento del lavado, la&#8230;<\/p>\n\t<\/div><!-- .entry-summary -->\n\t<footer class=\"entry-footer\">\n\t\t\t<div class=\"entry-actions\">\n\t\t\t<p class=\"more-link-wrap\">\n\t\t\t\t<a href=\"https:\/\/jenquimica.es\/index.php\/2026\/04\/15\/por-que-usar-un-producto-de-calidad-en-las-maquinas-lavavajillas-en-el-sector-profesional\/\" class=\"post-more-link\">\n\t\t\t\t\tLeer m\u00e1s<span class=\"screen-reader-text\"> \u00bfPor qu\u00e9 usar un producto de calidad en las m\u00e1quinas lavavajillas en el sector profesional?<\/span><span class=\"kadence-svg-iconset svg-baseline\"><svg aria-hidden=\"true\" class=\"kadence-svg-icon kadence-arrow-right-alt-svg\" fill=\"currentColor\" version=\"1.1\" xmlns=\"http:\/\/www.w3.org\/2000\/svg\" width=\"27\" height=\"28\" viewBox=\"0 0 27 28\"><title>Continuar<\/title><path d=\"M27 13.953c0 0.141-0.063 0.281-0.156 0.375l-6 5.531c-0.156 0.141-0.359 0.172-0.547 0.094-0.172-0.078-0.297-0.25-0.297-0.453v-3.5h-19.5c-0.281 0-0.5-0.219-0.5-0.5v-3c0-0.281 0.219-0.5 0.5-0.5h19.5v-3.5c0-0.203 0.109-0.375 0.297-0.453s0.391-0.047 0.547 0.078l6 5.469c0.094 0.094 0.156 0.219 0.156 0.359v0z\"><\/path>\n\t\t\t<\/svg><\/span>\t\t\t\t<\/a>\n\t\t\t<\/p>\n\t\t<\/div><!-- .entry-actions -->\n\t\t<\/footer><!-- .entry-footer -->\t\t<\/div>\n\t<\/article>\n<\/li>\n<li class=\"kb-post-list-item\">\n\t<article class=\"entry content-bg loop-entry post-237 post type-post status-publish format-standard hentry category-productos-de-limpieza-productos-de-limpieza\">\n\t\t\t\t<div class=\"entry-content-wrap\">\n\t\t\t<header class=\"entry-header\">\n\t<h2 class=\"entry-title\"><a href=\"https:\/\/jenquimica.es\/index.php\/2026\/03\/25\/la-importancia-de-la-limpieza-con-jen-quimica\/\" rel=\"bookmark\">La importancia\u00a0de\u00a0la\u00a0limpieza con JEN QUIMICA<\/a><\/h2>\t<div class=\"entry-meta entry-meta-divider-dot\">\n\t\t\t\t<span class=\"posted-on\">\n\t\t\t\t<time class=\"entry-date published\" datetime=\"2026-03-25T11:34:01+01:00\">marzo 25, 2026<\/time><time class=\"updated\" datetime=\"2026-03-25T11:34:02+01:00\">marzo 25, 2026<\/time>\t\t\t<\/span>\n\t\t\t\t<\/div><!-- .entry-meta -->\n\t<\/header><!-- .entry-header -->\n\t<div class=\"entry-summary\">\n\t\t<p>Mantener\u00a0un\u00a0espacio\u00a0limpio\u00a0va\u00a0m\u00e1s\u00a0all\u00e1\u00a0de\u00a0la\u00a0est\u00e9tica;\u00a0reduce\u00a0la\u00a0acumulaci\u00f3n\u00a0de\u00a0polvo,\u00a0bacterias,\u00a0moho\u00a0y\u00a0al\u00e9rgenos,\u00a0previniendo\u00a0enfermedades\u00a0respiratorias,\u00a0infecciones\u00a0y\u00a0problemas\u00a0de\u00a0piel.\u00a0La\u00a0limpieza\u00a0regular\u00a0tambi\u00e9n\u00a0contribuye\u00a0a\u00a0mejorar\u00a0el\u00a0bienestar\u00a0emocional,\u00a0aumentando\u00a0la\u00a0sensaci\u00f3n\u00a0de\u00a0control\u00a0y\u00a0confort\u00a0en\u00a0el\u00a0hogar\u00a0o\u00a0lugar\u00a0de\u00a0trabajo. Tipos&nbsp;de&nbsp;limpieza Limpieza\u00a0dom\u00e9stica:\u00a0Implica\u00a0la\u00a0organizaci\u00f3n\u00a0y\u00a0limpieza\u00a0de\u00a0habitaciones,\u00a0cocinas,\u00a0ba\u00f1os\u00a0y\u00a0\u00e1reas\u00a0 comunes.\u00a0Requiere\u00a0aspirar,\u00a0barrer,\u00a0desempolvar\u00a0superficies\u00a0y\u00a0desinfectar\u00a0ba\u00f1os\u00a0y\u00a0cocinas. Limpieza\u00a0profesional:\u00a0Realizada\u00a0en\u00a0oficinas,\u00a0establecimientos\u00a0comerciales\u00a0e\u00a0industrias,\u00a0incluye\u00a0 limpieza\u00a0profunda,\u00a0desinfecci\u00f3n\u00a0de\u00a0equipos\u00a0y\u00a0mantenimiento\u00a0de\u00a0sistemas\u00a0de\u00a0ventilaci\u00f3n. Limpieza\u00a0ecol\u00f3gica:\u00a0Uso\u00a0de\u00a0productos\u00a0biodegradables\u00a0y\u00a0naturales\u00a0que\u00a0reducen\u00a0el\u00a0impacto\u00a0 ambiental\u00a0y\u00a0la\u00a0exposici\u00f3n\u00a0a\u00a0qu\u00edmicos. T\u00e9cnicas&nbsp;efectivas&nbsp;de&nbsp;limpieza Barrido\u00a0y\u00a0aspirado\u00a0diarios:\u00a0Evita\u00a0acumulaci\u00f3n\u00a0de\u00a0polvo\u00a0y\u00a0part\u00edculas\u00a0que\u00a0afectan\u00a0la\u00a0respiraci\u00f3n Desinfecci\u00f3n\u00a0semanal:\u00a0Limpiar\u00a0con\u00a0productos\u00a0desinfectantes\u00a0superficies\u00a0de\u00a0uso\u00a0frecuente,\u00a0como\u00a0 manillas,\u00a0mesas\u00a0y\u00a0ba\u00f1os. Limpieza&nbsp;por&nbsp;zonas:&nbsp;Dividir&nbsp;los&nbsp;espacios&nbsp;en&nbsp;sectores&nbsp;a&nbsp;limpiar&nbsp;por&nbsp;d\u00eda&nbsp;evita&nbsp;desgaste&nbsp;y&nbsp;garantiza&nbsp; uniformidad Contacta con nosotros para que te ayudemos.: 91 871 43 23<\/p>\n\t<\/div><!-- .entry-summary -->\n\t<footer class=\"entry-footer\">\n\t\t\t<div class=\"entry-actions\">\n\t\t\t<p class=\"more-link-wrap\">\n\t\t\t\t<a href=\"https:\/\/jenquimica.es\/index.php\/2026\/03\/25\/la-importancia-de-la-limpieza-con-jen-quimica\/\" class=\"post-more-link\">\n\t\t\t\t\tLeer m\u00e1s<span class=\"screen-reader-text\"> La importancia\u00a0de\u00a0la\u00a0limpieza con JEN QUIMICA<\/span><span class=\"kadence-svg-iconset svg-baseline\"><svg aria-hidden=\"true\" class=\"kadence-svg-icon kadence-arrow-right-alt-svg\" fill=\"currentColor\" version=\"1.1\" xmlns=\"http:\/\/www.w3.org\/2000\/svg\" width=\"27\" height=\"28\" viewBox=\"0 0 27 28\"><title>Continuar<\/title><path d=\"M27 13.953c0 0.141-0.063 0.281-0.156 0.375l-6 5.531c-0.156 0.141-0.359 0.172-0.547 0.094-0.172-0.078-0.297-0.25-0.297-0.453v-3.5h-19.5c-0.281 0-0.5-0.219-0.5-0.5v-3c0-0.281 0.219-0.5 0.5-0.5h19.5v-3.5c0-0.203 0.109-0.375 0.297-0.453s0.391-0.047 0.547 0.078l6 5.469c0.094 0.094 0.156 0.219 0.156 0.359v0z\"><\/path>\n\t\t\t<\/svg><\/span>\t\t\t\t<\/a>\n\t\t\t<\/p>\n\t\t<\/div><!-- .entry-actions -->\n\t\t<\/footer><!-- .entry-footer -->\t\t<\/div>\n\t<\/article>\n<\/li>\n<li class=\"kb-post-list-item\">\n\t<article class=\"entry content-bg loop-entry post-235 post type-post status-publish format-standard hentry category-productos-de-limpieza-productos-de-limpieza\">\n\t\t\t\t<div class=\"entry-content-wrap\">\n\t\t\t<header class=\"entry-header\">\n\t<h2 class=\"entry-title\"><a href=\"https:\/\/jenquimica.es\/index.php\/2026\/03\/24\/que-es-limpiar\/\" rel=\"bookmark\">\u00bfQu\u00e9 es Limpiar?<\/a><\/h2>\t<div class=\"entry-meta entry-meta-divider-dot\">\n\t\t\t\t<span class=\"posted-on\">\n\t\t\t\t<time class=\"entry-date published\" datetime=\"2026-03-24T13:52:37+01:00\">marzo 24, 2026<\/time><time class=\"updated\" datetime=\"2026-03-24T13:52:38+01:00\">marzo 24, 2026<\/time>\t\t\t<\/span>\n\t\t\t\t<\/div><!-- .entry-meta -->\n\t<\/header><!-- .entry-header -->\n\t<div class=\"entry-summary\">\n\t\t<p>La pregunta parece f\u00e1cil y m\u00e1s para cualquier persona que se dedique al sector de la limpieza. Si bien esta pregunta esconde algo muy importante que a veces no se tiene en cuenta. Cuando limpiamos no s\u00f3lo se trata de eliminar la suciedad o desinfectar en su caso, sino tambi\u00e9n de algo igual de importante&#8230;<\/p>\n\t<\/div><!-- .entry-summary -->\n\t<footer class=\"entry-footer\">\n\t\t\t<div class=\"entry-actions\">\n\t\t\t<p class=\"more-link-wrap\">\n\t\t\t\t<a href=\"https:\/\/jenquimica.es\/index.php\/2026\/03\/24\/que-es-limpiar\/\" class=\"post-more-link\">\n\t\t\t\t\tLeer m\u00e1s<span class=\"screen-reader-text\"> \u00bfQu\u00e9 es Limpiar?<\/span><span class=\"kadence-svg-iconset svg-baseline\"><svg aria-hidden=\"true\" class=\"kadence-svg-icon kadence-arrow-right-alt-svg\" fill=\"currentColor\" version=\"1.1\" xmlns=\"http:\/\/www.w3.org\/2000\/svg\" width=\"27\" height=\"28\" viewBox=\"0 0 27 28\"><title>Continuar<\/title><path d=\"M27 13.953c0 0.141-0.063 0.281-0.156 0.375l-6 5.531c-0.156 0.141-0.359 0.172-0.547 0.094-0.172-0.078-0.297-0.25-0.297-0.453v-3.5h-19.5c-0.281 0-0.5-0.219-0.5-0.5v-3c0-0.281 0.219-0.5 0.5-0.5h19.5v-3.5c0-0.203 0.109-0.375 0.297-0.453s0.391-0.047 0.547 0.078l6 5.469c0.094 0.094 0.156 0.219 0.156 0.359v0z\"><\/path>\n\t\t\t<\/svg><\/span>\t\t\t\t<\/a>\n\t\t\t<\/p>\n\t\t<\/div><!-- .entry-actions -->\n\t\t<\/footer><!-- .entry-footer -->\t\t<\/div>\n\t<\/article>\n<\/li>\n<li class=\"kb-post-list-item\">\n\t<article class=\"entry content-bg loop-entry post-220 post type-post status-publish format-standard hentry category-productos-de-limpieza-productos-de-limpieza\">\n\t\t\t\t<div class=\"entry-content-wrap\">\n\t\t\t<header class=\"entry-header\">\n\t<h2 class=\"entry-title\"><a href=\"https:\/\/jenquimica.es\/index.php\/2026\/03\/20\/que-es-y-para-que-sirve-el-ph-en-un-quimico\/\" rel=\"bookmark\">Que es y para que sirve el PH en un Qu\u00edmico.<\/a><\/h2>\t<div class=\"entry-meta entry-meta-divider-dot\">\n\t\t\t\t<span class=\"posted-on\">\n\t\t\t\t<time class=\"entry-date published\" datetime=\"2026-03-20T08:21:50+01:00\">marzo 20, 2026<\/time><time class=\"updated\" datetime=\"2026-03-20T08:21:51+01:00\">marzo 20, 2026<\/time>\t\t\t<\/span>\n\t\t\t\t<\/div><!-- .entry-meta -->\n\t<\/header><!-- .entry-header -->\n\t<div class=\"entry-summary\">\n\t\t<p>Todos los productos qu\u00edmicos est\u00e1n identificados con un PH, un valor n\u00famero que define la acidez o alcalinidad de un producto, el cu\u00e1l me sirve tambi\u00e9n para identificar el producto adecuado a usar para limpiar una suciedad determinada. Cuando quiero limpiar una suciedad de cal, cemento o oxido, deber\u00e9 usar siempre un producto \u00e1cido para&#8230;<\/p>\n\t<\/div><!-- .entry-summary -->\n\t<footer class=\"entry-footer\">\n\t\t\t<div class=\"entry-actions\">\n\t\t\t<p class=\"more-link-wrap\">\n\t\t\t\t<a href=\"https:\/\/jenquimica.es\/index.php\/2026\/03\/20\/que-es-y-para-que-sirve-el-ph-en-un-quimico\/\" class=\"post-more-link\">\n\t\t\t\t\tLeer m\u00e1s<span class=\"screen-reader-text\"> Que es y para que sirve el PH en un Qu\u00edmico.<\/span><span class=\"kadence-svg-iconset svg-baseline\"><svg aria-hidden=\"true\" class=\"kadence-svg-icon kadence-arrow-right-alt-svg\" fill=\"currentColor\" version=\"1.1\" xmlns=\"http:\/\/www.w3.org\/2000\/svg\" width=\"27\" height=\"28\" viewBox=\"0 0 27 28\"><title>Continuar<\/title><path d=\"M27 13.953c0 0.141-0.063 0.281-0.156 0.375l-6 5.531c-0.156 0.141-0.359 0.172-0.547 0.094-0.172-0.078-0.297-0.25-0.297-0.453v-3.5h-19.5c-0.281 0-0.5-0.219-0.5-0.5v-3c0-0.281 0.219-0.5 0.5-0.5h19.5v-3.5c0-0.203 0.109-0.375 0.297-0.453s0.391-0.047 0.547 0.078l6 5.469c0.094 0.094 0.156 0.219 0.156 0.359v0z\"><\/path>\n\t\t\t<\/svg><\/span>\t\t\t\t<\/a>\n\t\t\t<\/p>\n\t\t<\/div><!-- .entry-actions -->\n\t\t<\/footer><!-- .entry-footer -->\t\t<\/div>\n\t<\/article>\n<\/li>\n<li class=\"kb-post-list-item\">\n\t<article class=\"entry content-bg loop-entry post-208 post type-post status-publish format-standard hentry category-productos-de-limpieza-productos-de-limpieza\">\n\t\t\t\t<div class=\"entry-content-wrap\">\n\t\t\t<header class=\"entry-header\">\n\t<h2 class=\"entry-title\"><a href=\"https:\/\/jenquimica.es\/index.php\/2026\/03\/19\/optimiza-tu-negocio\/\" rel=\"bookmark\">Optimiza tu negocio.<\/a><\/h2>\t<div class=\"entry-meta entry-meta-divider-dot\">\n\t\t\t\t<span class=\"posted-on\">\n\t\t\t\t<time class=\"entry-date published\" datetime=\"2026-03-19T10:37:08+01:00\">marzo 19, 2026<\/time><time class=\"updated\" datetime=\"2026-03-19T14:10:11+01:00\">marzo 19, 2026<\/time>\t\t\t<\/span>\n\t\t\t\t<\/div><!-- .entry-meta -->\n\t<\/header><!-- .entry-header -->\n\t<div class=\"entry-summary\">\n\t\t<p>Ll\u00e1manos o contacta con nosotros y te haremos un presupuesto sin compromiso: 91 871 43 23 jen@jenquimica.es En el mundo tan cambiante que vivimos es importante trabajar con proveedores que te puedan dar soluciones a cualquier problema y necesidad que se te plantee. En JEN QUIMICA, no solamente vendemos productos de higiene y limpieza, sino&#8230;<\/p>\n\t<\/div><!-- .entry-summary -->\n\t<footer class=\"entry-footer\">\n\t\t\t<div class=\"entry-actions\">\n\t\t\t<p class=\"more-link-wrap\">\n\t\t\t\t<a href=\"https:\/\/jenquimica.es\/index.php\/2026\/03\/19\/optimiza-tu-negocio\/\" class=\"post-more-link\">\n\t\t\t\t\tLeer m\u00e1s<span class=\"screen-reader-text\"> Optimiza tu negocio.<\/span><span class=\"kadence-svg-iconset svg-baseline\"><svg aria-hidden=\"true\" class=\"kadence-svg-icon kadence-arrow-right-alt-svg\" fill=\"currentColor\" version=\"1.1\" xmlns=\"http:\/\/www.w3.org\/2000\/svg\" width=\"27\" height=\"28\" viewBox=\"0 0 27 28\"><title>Continuar<\/title><path d=\"M27 13.953c0 0.141-0.063 0.281-0.156 0.375l-6 5.531c-0.156 0.141-0.359 0.172-0.547 0.094-0.172-0.078-0.297-0.25-0.297-0.453v-3.5h-19.5c-0.281 0-0.5-0.219-0.5-0.5v-3c0-0.281 0.219-0.5 0.5-0.5h19.5v-3.5c0-0.203 0.109-0.375 0.297-0.453s0.391-0.047 0.547 0.078l6 5.469c0.094 0.094 0.156 0.219 0.156 0.359v0z\"><\/path>\n\t\t\t<\/svg><\/span>\t\t\t\t<\/a>\n\t\t\t<\/p>\n\t\t<\/div><!-- .entry-actions -->\n\t\t<\/footer><!-- .entry-footer -->\t\t<\/div>\n\t<\/article>\n<\/li>\n<\/ul>","protected":false},"excerpt":{"rendered":"","protected":false},"author":2,"featured_media":0,"parent":0,"menu_order":0,"comment_status":"closed","ping_status":"closed","template":"","meta":{"_kad_post_transparent":"","_kad_post_title":"","_kad_post_layout":"","_kad_post_sidebar_id":"","_kad_post_content_style":"","_kad_post_vertical_padding":"","_kad_post_feature":"","_kad_post_feature_position":"","_kad_post_header":false,"_kad_post_footer":false,"_kad_post_classname":"","footnotes":""},"class_list":["post-210","page","type-page","status-publish","hentry"],"_links":{"self":[{"href":"https:\/\/jenquimica.es\/index.php\/wp-json\/wp\/v2\/pages\/210","targetHints":{"allow":["GET"]}}],"collection":[{"href":"https:\/\/jenquimica.es\/index.php\/wp-json\/wp\/v2\/pages"}],"about":[{"href":"https:\/\/jenquimica.es\/index.php\/wp-json\/wp\/v2\/types\/page"}],"author":[{"embeddable":true,"href":"https:\/\/jenquimica.es\/index.php\/wp-json\/wp\/v2\/users\/2"}],"replies":[{"embeddable":true,"href":"https:\/\/jenquimica.es\/index.php\/wp-json\/wp\/v2\/comments?post=210"}],"version-history":[{"count":3,"href":"https:\/\/jenquimica.es\/index.php\/wp-json\/wp\/v2\/pages\/210\/revisions"}],"predecessor-version":[{"id":215,"href":"https:\/\/jenquimica.es\/index.php\/wp-json\/wp\/v2\/pages\/210\/revisions\/215"}],"wp:attachment":[{"href":"https:\/\/jenquimica.es\/index.php\/wp-json\/wp\/v2\/media?parent=210"}],"curies":[{"name":"wp","href":"https:\/\/api.w.org\/{rel}","templated":true}]}}