{"id":3,"date":"2026-03-11T13:09:35","date_gmt":"2026-03-11T13:09:35","guid":{"rendered":"http:\/\/uvnfusu.cluster121.hosting.ovh.net\/?page_id=3"},"modified":"2026-03-12T14:27:38","modified_gmt":"2026-03-12T13:27:38","slug":"privacy-policy","status":"publish","type":"page","link":"https:\/\/jenquimica.es\/index.php\/privacy-policy\/","title":{"rendered":"Privacy Policy"},"content":{"rendered":"\n<h2 class=\"wp-block-heading\">Pol\u00edtica de privacidad<\/h2>\n\n\n\n<p>La presente Pol\u00edtica de Privacidad tiene el objetivo de dar a conocer el modo en que se recaban, tratan y protegen los datos de car\u00e1cter personal que pudieran proporcionarse por los usuarios de este sitio web.<\/p>\n\n\n\n<p>Uso y tratamiento de los datos de car\u00e1cter personal.<\/p>\n\n\n\n<p>Jen Qu\u00edmica, S.L. recopila y trata datos personales de los usuarios (como nombre, direcci\u00f3n, tel\u00e9fono, direcci\u00f3n de correo electr\u00f3nico y otros similares) para poder prestarle nuestros servicios, facilitarle los productos que solicite de acuerdo a sus gustos y preferencias o mantenerle informado de nuestras novedades.<\/p>\n\n\n\n<p>La informaci\u00f3n de car\u00e1cter personal que pudiera proporcionar a trav\u00e9s de la p\u00e1gina web ser\u00e1 incorporada a un fichero titularidad de Jen Qu\u00edmica, S.L.<\/p>\n\n\n\n<p>Los empleados de Jen Qu\u00edmica, S.L. ser\u00e1n los destinatarios de la informaci\u00f3n recogida. Esta compa\u00f1\u00eda no vender\u00e1, ceder\u00e1 ni distribuir\u00e1 la informaci\u00f3n personal que es recopilada sin su consentimiento.<\/p>\n\n\n\n<p>Ejercicio de derechos: acceso, rectificaci\u00f3n, cancelaci\u00f3n y oposici\u00f3n.<\/p>\n\n\n\n<p>Los usuarios que hayan facilitado sus datos personales en cualquier momento pueden revocar el consentimiento otorgado para el tratamiento de sus datos personales por escrito, a trav\u00e9s del correo electr\u00f3nico jen@jenquimica.es remiti\u00e9ndonos una copia de su DNI.<\/p>\n\n\n\n<p>Seguridad de su informaci\u00f3n personal.<\/p>\n\n\n\n<p>Utilizamos medidas de seguridad para proteger sus datos personales y evitar su divulgaci\u00f3n no autorizada, uso indebido o alteraci\u00f3n.<\/p>\n\n\n\n<p>No obstante, el usuario debe conocer que las medidas de seguridad en internet no son completamente infranqueables y ninguna transmisi\u00f3n en internet es completamente segura o libre de errores, en cuyo caso Jen Qu\u00edmica, S.L. no podr\u00e1 hacerse responsable.<\/p>\n\n\n\n<p>Enlaces a sitios de terceros.<\/p>\n\n\n\n<p>Este sitio web podr\u00eda contener enlaces a sitios de terceros. Estos sitios cuentan con sus propias pol\u00edticas de privacidad que le instamos a revisar.<\/p>\n\n\n\n<p>Menores.<\/p>\n\n\n\n<p>Si alguno de los productos o servicios fuera dirigido a menores de 14 a\u00f1os, Jen Qu\u00edmica, S.L. no recopilar\u00e1 datos personales del menor a menos que lo permitan las leyes vigentes y tenga el consentimiento expreso de sus padres o tutores legales.<\/p>\n\n\n\n<p>Cambios en la pol\u00edtica de privacidad.<\/p>\n\n\n\n<p>Jen Qu\u00edmica, S.L. se reserva el derecho a actualizar o modificar los t\u00e9rminos de su pol\u00edtica de privacidad en cualquier momento y sin previo aviso debido a cambios en la legislaci\u00f3n o a su propio criterio. Las modificaciones se aplicar\u00e1n s\u00f3lo a la informaci\u00f3n recabada despu\u00e9s de su efectiva publicaci\u00f3n.<\/p>\n\n\n\n<p>Legislaci\u00f3n aplicable.<\/p>\n\n\n\n<p>La relaci\u00f3n con el usuario y cualquier controversia derivada del uso del site se regir\u00e1 y someter\u00e1 a las leyes de Espa\u00f1a.<\/p>\n","protected":false},"excerpt":{"rendered":"<p>Pol\u00edtica de privacidad La presente Pol\u00edtica de Privacidad tiene el objetivo de dar a conocer el modo en que se recaban, tratan y protegen los datos de car\u00e1cter personal que pudieran proporcionarse por los usuarios de este sitio web. Uso y tratamiento de los datos de car\u00e1cter personal. Jen Qu\u00edmica, S.L. recopila y trata datos&#8230;<\/p>\n","protected":false},"author":2,"featured_media":0,"parent":0,"menu_order":0,"comment_status":"closed","ping_status":"open","template":"","meta":{"_kad_post_transparent":"","_kad_post_title":"hide","_kad_post_layout":"fullwidth","_kad_post_sidebar_id":"","_kad_post_content_style":"unboxed","_kad_post_vertical_padding":"","_kad_post_feature":"","_kad_post_feature_position":"","_kad_post_header":false,"_kad_post_footer":false,"_kad_post_classname":"","footnotes":""},"class_list":["post-3","page","type-page","status-publish","hentry"],"_links":{"self":[{"href":"https:\/\/jenquimica.es\/index.php\/wp-json\/wp\/v2\/pages\/3","targetHints":{"allow":["GET"]}}],"collection":[{"href":"https:\/\/jenquimica.es\/index.php\/wp-json\/wp\/v2\/pages"}],"about":[{"href":"https:\/\/jenquimica.es\/index.php\/wp-json\/wp\/v2\/types\/page"}],"author":[{"embeddable":true,"href":"https:\/\/jenquimica.es\/index.php\/wp-json\/wp\/v2\/users\/2"}],"replies":[{"embeddable":true,"href":"https:\/\/jenquimica.es\/index.php\/wp-json\/wp\/v2\/comments?post=3"}],"version-history":[{"count":1,"href":"https:\/\/jenquimica.es\/index.php\/wp-json\/wp\/v2\/pages\/3\/revisions"}],"predecessor-version":[{"id":181,"href":"https:\/\/jenquimica.es\/index.php\/wp-json\/wp\/v2\/pages\/3\/revisions\/181"}],"wp:attachment":[{"href":"https:\/\/jenquimica.es\/index.php\/wp-json\/wp\/v2\/media?parent=3"}],"curies":[{"name":"wp","href":"https:\/\/api.w.org\/{rel}","templated":true}]}}